{"id":1202,"date":"2026-04-05T16:04:55","date_gmt":"2026-04-05T08:04:55","guid":{"rendered":"https:\/\/windperches.com\/?post_type=product&#038;p=1202"},"modified":"2026-04-18T21:41:48","modified_gmt":"2026-04-18T13:41:48","slug":"custom-incense-bundle-himalayan-journey-3","status":"publish","type":"product","link":"https:\/\/windperches.com\/fr\/produit\/custom-incense-bundle-himalayan-journey-3\/","title":{"rendered":"Le Voyage Complet | Coffret Sanctuaire Personnalis\u00e9 (Choix de 4)"},"content":{"rendered":"<h3 data-path-to-node=\"14,0\" class=\"translation-block\">Notre lot d'encens personnalis\u00e9 est une collection soign\u00e9e m\u00ealant des formules au c\u0153ur de l'Himalaya...<\/h3>\n<h3 data-path-to-node=\"14,0\"><\/h3>\n<h3 data-path-to-node=\"14,0\"><b data-path-to-node=\"14,0\" data-index-in-node=\"0\">L'art de la s\u00e9lection : Artisanat et Origine<\/b><\/h3>\n<p data-path-to-node=\"14,1\" class=\"translation-block\">Une collection soign\u00e9e d'encens m\u00ealant des formules au c\u0153ur de l'Himalaya avec des plantes botaniques 100 % naturelles s\u00e9lectionn\u00e9es pour leur puissance \u00e9nerg\u00e9tique. Nous honorons la nature de chaque ingr\u00e9dient gr\u00e2ce \u00e0 un traitement pr\u00e9cis :<\/p>\n<ul data-path-to-node=\"14,2\">\n<li>\n<p data-path-to-node=\"14,2,0,0\" class=\"translation-block\">S\u00e9rie Artisanale : (Wind-Whisper, Sun-Glare) 100 % roul\u00e9s \u00e0 la main par des ma\u00eetres artisans pour pr\u00e9server la r\u00e9sonance ancestrale.<\/p>\n<\/li>\n<li>\n<p data-path-to-node=\"14,2,1,0\" class=\"translation-block\">S\u00e9rie Pratique Quotidienne : Press\u00e9s \u00e0 la machine pour garantir une combustion constante, propre et fiable pour votre environnement quotidien.<\/p>\n<\/li>\n<\/ul>\n<h3 data-path-to-node=\"14,3\"><b data-path-to-node=\"14,3\" data-index-in-node=\"0\">L'objectif : Purification de l'espace et Alignement<\/b><\/h3>\n<p data-path-to-node=\"14,4\">Con\u00e7us pour la purification de l'environnement et l'alignement du champ \u00e9nerg\u00e9tique. Ces parfums agissent comme un pont vers la puissance tranquille de l'Himalaya, vous aidant \u00e0 vous d\u00e9barrasser du bruit ext\u00e9rieur chaotique et \u00e0 retrouver votre centre naturel.<\/p>\n<ul data-path-to-node=\"14,5\">\n<li>\n<p data-path-to-node=\"14,5,0,0\" class=\"translation-block\">Directement de l'origine : Fra\u00eechement fabriqu\u00e9 et exp\u00e9di\u00e9 pour maintenir l'int\u00e9grit\u00e9 aromatique.<\/p>\n<\/li>\n<li>\n<p data-path-to-node=\"14,5,1,0\" class=\"translation-block\">Ingr\u00e9dients purs : Sans parfums de synth\u00e8se, sans additifs cr\u00e9ant une accoutumance.<\/p>\n<\/li>\n<\/ul>","protected":false},"excerpt":{"rendered":"<blockquote data-path-to-node=\"10\">\n<p data-path-to-node=\"10,0\"><b data-path-to-node=\"10,0\" data-index-in-node=\"0\">Select any 4 scents for a complete Himalayan sanctuary experience.<\/b><\/p>\n<p data-path-to-node=\"10,1,0,0\">\u25cf <b data-path-to-node=\"10,1,0,0\" data-index-in-node=\"2\">Best Value: Save 25%<\/b> on this full journey set.<\/p>\n<p data-path-to-node=\"10,1,1,0\">\u25cf <b data-path-to-node=\"10,1,1,0\" data-index-in-node=\"2\">Himalayan-Heart Formulas<\/b>: 100% natural ingredients.<\/p>\n<p data-path-to-node=\"10,1,2,0\">\u25cf <b data-path-to-node=\"10,1,2,0\" data-index-in-node=\"2\">Non-toxic &amp; Non-habit forming<\/b>: Pure energy field alignment.<\/p>\n<p data-path-to-node=\"10,1,3,0\">\u25cf <b data-path-to-node=\"10,1,3,0\" data-index-in-node=\"2\">Ultimate Sanctuary<\/b>: The most comprehensive way to harmonize your entire living space.<\/p>\n<\/blockquote>\n<p>For bulk orders (20+ units), please <a style=\"color: #103458; text-decoration: underline;\" href=\"https:\/\/windperches.com\/corporate-studio\/\" target=\"_blank\" rel=\"noopener\">[click here]<\/a> for studio &amp; corporate pricing.<\/p>\n","protected":false},"featured_media":1215,"comment_status":"open","ping_status":"closed","template":"","meta":{"_monsterinsights_skip_tracking":false,"_monsterinsights_sitenote_active":false,"_monsterinsights_sitenote_note":"","_monsterinsights_sitenote_category":0},"product_brand":[],"product_cat":[22,23],"product_tag":[],"class_list":{"0":"post-1202","1":"product","2":"type-product","3":"status-publish","4":"has-post-thumbnail","6":"product_cat-himalayan-light-series","7":"product_cat-purification-series","9":"first","10":"instock","11":"sale","12":"taxable","13":"shipping-taxable","14":"purchasable","15":"product-type-woosb"},"_links":{"self":[{"href":"https:\/\/windperches.com\/fr\/wp-json\/wp\/v2\/product\/1202","targetHints":{"allow":["GET"]}}],"collection":[{"href":"https:\/\/windperches.com\/fr\/wp-json\/wp\/v2\/product"}],"about":[{"href":"https:\/\/windperches.com\/fr\/wp-json\/wp\/v2\/types\/product"}],"replies":[{"embeddable":true,"href":"https:\/\/windperches.com\/fr\/wp-json\/wp\/v2\/comments?post=1202"}],"version-history":[{"count":9,"href":"https:\/\/windperches.com\/fr\/wp-json\/wp\/v2\/product\/1202\/revisions"}],"predecessor-version":[{"id":1320,"href":"https:\/\/windperches.com\/fr\/wp-json\/wp\/v2\/product\/1202\/revisions\/1320"}],"wp:featuredmedia":[{"embeddable":true,"href":"https:\/\/windperches.com\/fr\/wp-json\/wp\/v2\/media\/1215"}],"wp:attachment":[{"href":"https:\/\/windperches.com\/fr\/wp-json\/wp\/v2\/media?parent=1202"}],"wp:term":[{"taxonomy":"product_brand","embeddable":true,"href":"https:\/\/windperches.com\/fr\/wp-json\/wp\/v2\/product_brand?post=1202"},{"taxonomy":"product_cat","embeddable":true,"href":"https:\/\/windperches.com\/fr\/wp-json\/wp\/v2\/product_cat?post=1202"},{"taxonomy":"product_tag","embeddable":true,"href":"https:\/\/windperches.com\/fr\/wp-json\/wp\/v2\/product_tag?post=1202"}],"curies":[{"name":"wp","href":"https:\/\/api.w.org\/{rel}","templated":true}]}}