{"id":861,"date":"2026-03-29T17:41:03","date_gmt":"2026-03-29T09:41:03","guid":{"rendered":"https:\/\/windperches.com\/?page_id=861"},"modified":"2026-04-16T15:57:54","modified_gmt":"2026-04-16T07:57:54","slug":"personal-shopper-proxy","status":"publish","type":"page","link":"https:\/\/windperches.com\/fr\/personal-shopper-proxy\/","title":{"rendered":"Personal Shopper et Proxy"},"content":{"rendered":"<div data-elementor-type=\"wp-page\" data-elementor-id=\"861\" class=\"elementor elementor-861\">\n\t\t\t\t<div class=\"elementor-element elementor-element-72b5854 e-flex e-con-boxed e-con e-parent\" data-id=\"72b5854\" data-element_type=\"container\" data-e-type=\"container\">\n\t\t\t\t\t<div class=\"e-con-inner\">\n\t\t\t\t<div class=\"elementor-element elementor-element-9f5ad33 elementor-widget elementor-widget-image\" data-id=\"9f5ad33\" data-element_type=\"widget\" data-e-type=\"widget\" data-widget_type=\"image.default\">\n\t\t\t\t\t\t\t\t\t\t\t\t\t\t\t<img fetchpriority=\"high\" decoding=\"async\" width=\"2268\" height=\"2560\" src=\"https:\/\/windperches.com\/wp-content\/uploads\/2026\/03\/pexels-plantsandgraphics-11781094-scaled.jpg\" class=\"attachment-full size-full wp-image-894\" alt=\"\" srcset=\"https:\/\/windperches.com\/wp-content\/uploads\/2026\/03\/pexels-plantsandgraphics-11781094-scaled.jpg 2268w, https:\/\/windperches.com\/wp-content\/uploads\/2026\/03\/pexels-plantsandgraphics-11781094-scaled-600x677.jpg 600w, https:\/\/windperches.com\/wp-content\/uploads\/2026\/03\/pexels-plantsandgraphics-11781094-266x300.jpg 266w, https:\/\/windperches.com\/wp-content\/uploads\/2026\/03\/pexels-plantsandgraphics-11781094-907x1024.jpg 907w, https:\/\/windperches.com\/wp-content\/uploads\/2026\/03\/pexels-plantsandgraphics-11781094-768x867.jpg 768w, https:\/\/windperches.com\/wp-content\/uploads\/2026\/03\/pexels-plantsandgraphics-11781094-1361x1536.jpg 1361w, https:\/\/windperches.com\/wp-content\/uploads\/2026\/03\/pexels-plantsandgraphics-11781094-1814x2048.jpg 1814w, https:\/\/windperches.com\/wp-content\/uploads\/2026\/03\/pexels-plantsandgraphics-11781094-11x12.jpg 11w\" sizes=\"(max-width: 2268px) 100vw, 2268px\" data-no-translation=\"\" \/>\t\t\t\t\t\t\t\t\t\t\t\t\t\t\t<\/div>\n\t\t\t\t\t<\/div>\n\t\t\t\t<\/div>\n\t\t<div class=\"elementor-element elementor-element-fb824e3 e-flex e-con-boxed e-con e-parent\" data-id=\"fb824e3\" data-element_type=\"container\" data-e-type=\"container\">\n\t\t\t\t\t<div class=\"e-con-inner\">\n\t\t\t\t<div class=\"elementor-element elementor-element-8625fcc elementor-widget elementor-widget-heading\" data-id=\"8625fcc\" data-element_type=\"widget\" data-e-type=\"widget\" data-widget_type=\"heading.default\">\n\t\t\t\t\t<h1 class=\"elementor-heading-title elementor-size-default\">Sourcing en Chine<\/h1>\t\t\t\t<\/div>\n\t\t\t\t<div class=\"elementor-element elementor-element-9d349ba elementor-widget elementor-widget-heading\" data-id=\"9d349ba\" data-element_type=\"widget\" data-e-type=\"widget\" data-widget_type=\"heading.default\">\n\t\t\t\t\t<h2 class=\"elementor-heading-title elementor-size-default\">Personal Shopper &amp; Service de Mandataire Mondial<\/h2>\t\t\t\t<\/div>\n\t\t\t\t<div class=\"elementor-element elementor-element-7c8cbaa elementor-widget elementor-widget-text-editor\" data-id=\"7c8cbaa\" data-element_type=\"widget\" data-e-type=\"widget\" data-widget_type=\"text-editor.default\">\n\t\t\t\t\t\t\t\t\t<p data-path-to-node=\"7\"><b data-path-to-node=\"7\" data-index-in-node=\"0\">Sourcing en Chine : Vos yeux professionnels sur le terrain<\/b>&nbsp;<\/p><p data-path-to-node=\"7\">La cha\u00eene industrielle chinoise offre une vari\u00e9t\u00e9 in\u00e9gal\u00e9e, mais la naviguer \u00e0 distance pr\u00e9sente des risques. Nous agissons comme votre partenaire local, comblant le foss\u00e9 entre les sources premium et votre vision globale.<\/p>\n<p data-path-to-node=\"8\"><b data-path-to-node=\"8\" data-index-in-node=\"0\">Pourquoi choisir notre service de mandataire ?<\/b><\/p>\n<ul data-path-to-node=\"9\">\n<li>\n<p data-path-to-node=\"9,0,0\" class=\"translation-block\">La v\u00e9rification \u00ab Beijing Hub \u00bb : Pour garantir la qualit\u00e9, nous recevons d'abord les articles dans nos bureaux de P\u00e9kin. Nous fournissons des photos ou des vid\u00e9os haute d\u00e9finition pour votre approbation avant l'envoi international. Nous ne nous contentons pas d'exp\u00e9dier ; nous v\u00e9rifions.<\/p>\n<\/li>\n<li>\n<p data-path-to-node=\"9,1,0\" class=\"translation-block\">Sourcing sans risque : Ce que vous voyez est exactement ce que vous recevez. Si un \u00e9chantillon ne r\u00e9pond pas \u00e0 vos crit\u00e8res, nous g\u00e9rons imm\u00e9diatement les retours domestiques, \u00e9liminant ainsi les co\u00fbts et la complexit\u00e9 des litiges internationaux.<\/p>\n<\/li>\n<li>\n<p data-path-to-node=\"9,2,0\" class=\"translation-block\">Fiabilit\u00e9 sur site : Pour les projets de sourcing \u00e0 grande \u00e9chelle ou complexes, nous proposons une v\u00e9rification d'usine sur place afin de garantir que votre cha\u00eene d'approvisionnement soit aussi solide qu'\u00e9volutive.<\/p>\n<\/li>\n<\/ul>\t\t\t\t\t\t\t\t<\/div>\n\t\t\t\t\t<\/div>\n\t\t\t\t<\/div>\n\t\t<div class=\"elementor-element elementor-element-a169c28 e-flex e-con-boxed e-con e-parent\" data-id=\"a169c28\" data-element_type=\"container\" data-e-type=\"container\">\n\t\t\t\t\t<div class=\"e-con-inner\">\n\t\t\t\t<div class=\"elementor-element elementor-element-d79ea45 elementor-align-center elementor-widget elementor-widget-button\" data-id=\"d79ea45\" data-element_type=\"widget\" data-e-type=\"widget\" data-widget_type=\"button.default\">\n\t\t\t\t\t\t\t\t\t\t<a class=\"elementor-button elementor-button-link elementor-size-sm\" href=\"https:\/\/windperches.com\/fr\/contact-us\/?from=proxy\">\n\t\t\t\t\t\t<span class=\"elementor-button-content-wrapper\">\n\t\t\t\t\t\t\t\t\t<span class=\"elementor-button-text\">Soumettre une demande de sourcing<\/span>\n\t\t\t\t\t<\/span>\n\t\t\t\t\t<\/a>\n\t\t\t\t\t\t\t\t<\/div>\n\t\t\t\t\t<\/div>\n\t\t\t\t<\/div>\n\t\t<div class=\"elementor-element elementor-element-5a2f72f e-flex e-con-boxed e-con e-parent\" data-id=\"5a2f72f\" data-element_type=\"container\" data-e-type=\"container\">\n\t\t\t\t\t<div class=\"e-con-inner\">\n\t\t<section class=\"elementor-element elementor-element-5d31536 e-con-full e-flex e-con e-child\" data-id=\"5d31536\" data-element_type=\"container\" data-e-type=\"container\" data-settings=\"{&quot;background_background&quot;:&quot;classic&quot;}\">\n\t\t\t\t<div class=\"elementor-element elementor-element-a631ba5 elementor-widget__width-initial elementor-view-default elementor-position-block-start elementor-mobile-position-block-start elementor-widget elementor-widget-icon-box\" data-id=\"a631ba5\" data-element_type=\"widget\" data-e-type=\"widget\" data-widget_type=\"icon-box.default\">\n\t\t\t\t\t\t\t<div class=\"elementor-icon-box-wrapper\">\n\n\t\t\t\t\t\t<div class=\"elementor-icon-box-icon\">\n\t\t\t\t<span  class=\"elementor-icon\">\n\t\t\t\t<svg aria-hidden=\"true\" class=\"e-font-icon-svg e-fas-user-edit\" viewbox=\"0 0 640 512\" xmlns=\"http:\/\/www.w3.org\/2000\/svg\"><path d=\"M224 256c70.7 0 128-57.3 128-128S294.7 0 224 0 96 57.3 96 128s57.3 128 128 128zm89.6 32h-16.7c-22.2 10.2-46.9 16-72.9 16s-50.6-5.8-72.9-16h-16.7C60.2 288 0 348.2 0 422.4V464c0 26.5 21.5 48 48 48h274.9c-2.4-6.8-3.4-14-2.6-21.3l6.8-60.9 1.2-11.1 7.9-7.9 77.3-77.3c-24.5-27.7-60-45.5-99.9-45.5zm45.3 145.3l-6.8 61c-1.1 10.2 7.5 18.8 17.6 17.6l60.9-6.8 137.9-137.9-71.7-71.7-137.9 137.8zM633 268.9L595.1 231c-9.3-9.3-24.5-9.3-33.8 0l-37.8 37.8-4.1 4.1 71.8 71.7 41.8-41.8c9.3-9.4 9.3-24.5 0-33.9z\"><\/path><\/svg>\t\t\t\t<\/span>\n\t\t\t<\/div>\n\t\t\t\n\t\t\t\t\t\t<div class=\"elementor-icon-box-content\">\n\n\t\t\t\t\t\t\t\t\t<h4 class=\"elementor-icon-box-title\">\n\t\t\t\t\t\t<span  >\n\t\t\t\t\t\t\t01. Briefing des Besoins\t\t\t\t\t\t<\/span>\n\t\t\t\t\t<\/h4>\n\t\t\t\t\n\t\t\t\t\t\t\t\t\t<p class=\"elementor-icon-box-description\">\n\t\t\t\t\t\tSoumettez vos demandes de sourcing ou vos liens produits. Nous \u00e9coutons votre vision\t\t\t\t\t<\/p>\n\t\t\t\t\n\t\t\t<\/div>\n\t\t\t\n\t\t<\/div>\n\t\t\t\t\t\t<\/div>\n\t\t\t\t<div class=\"elementor-element elementor-element-906f954 elementor-widget__width-initial elementor-view-default elementor-position-block-start elementor-mobile-position-block-start elementor-widget elementor-widget-icon-box\" data-id=\"906f954\" data-element_type=\"widget\" data-e-type=\"widget\" data-widget_type=\"icon-box.default\">\n\t\t\t\t\t\t\t<div class=\"elementor-icon-box-wrapper\">\n\n\t\t\t\t\t\t<div class=\"elementor-icon-box-icon\">\n\t\t\t\t<span  class=\"elementor-icon\">\n\t\t\t\t<svg aria-hidden=\"true\" class=\"e-font-icon-svg e-fas-search-dollar\" viewbox=\"0 0 512 512\" xmlns=\"http:\/\/www.w3.org\/2000\/svg\"><path d=\"M505.04 442.66l-99.71-99.69c-4.5-4.5-10.6-7-17-7h-16.3c27.6-35.3 44-79.69 44-127.99C416.03 93.09 322.92 0 208.02 0S0 93.09 0 207.98s93.11 207.98 208.02 207.98c48.3 0 92.71-16.4 128.01-44v16.3c0 6.4 2.5 12.5 7 17l99.71 99.69c9.4 9.4 24.6 9.4 33.9 0l28.3-28.3c9.4-9.4 9.4-24.59.1-33.99zm-297.02-90.7c-79.54 0-144-64.34-144-143.98 0-79.53 64.35-143.98 144-143.98 79.54 0 144 64.34 144 143.98 0 79.53-64.35 143.98-144 143.98zm27.11-152.54l-45.01-13.5c-5.16-1.55-8.77-6.78-8.77-12.73 0-7.27 5.3-13.19 11.8-13.19h28.11c4.56 0 8.96 1.29 12.82 3.72 3.24 2.03 7.36 1.91 10.13-.73l11.75-11.21c3.53-3.37 3.33-9.21-.57-12.14-9.1-6.83-20.08-10.77-31.37-11.35V112c0-4.42-3.58-8-8-8h-16c-4.42 0-8 3.58-8 8v16.12c-23.63.63-42.68 20.55-42.68 45.07 0 19.97 12.99 37.81 31.58 43.39l45.01 13.5c5.16 1.55 8.77 6.78 8.77 12.73 0 7.27-5.3 13.19-11.8 13.19h-28.1c-4.56 0-8.96-1.29-12.82-3.72-3.24-2.03-7.36-1.91-10.13.73l-11.75 11.21c-3.53 3.37-3.33 9.21.57 12.14 9.1 6.83 20.08 10.77 31.37 11.35V304c0 4.42 3.58 8 8 8h16c4.42 0 8-3.58 8-8v-16.12c23.63-.63 42.68-20.54 42.68-45.07 0-19.97-12.99-37.81-31.59-43.39z\"><\/path><\/svg>\t\t\t\t<\/span>\n\t\t\t<\/div>\n\t\t\t\n\t\t\t\t\t\t<div class=\"elementor-icon-box-content\">\n\n\t\t\t\t\t\t\t\t\t<h4 class=\"elementor-icon-box-title\">\n\t\t\t\t\t\t<span  >\n\t\t\t\t\t\t\t02 : Sourcing et Acompte\t\t\t\t\t\t<\/span>\n\t\t\t\t\t<\/h4>\n\t\t\t\t\n\t\t\t\t\t\t\t\t\t<p class=\"elementor-icon-box-description\">\n\t\t\t\t\t\tNous localisons des sources premium et activons le service avec un acompte d'engagement\t\t\t\t\t<\/p>\n\t\t\t\t\n\t\t\t<\/div>\n\t\t\t\n\t\t<\/div>\n\t\t\t\t\t\t<\/div>\n\t\t\t\t<div class=\"elementor-element elementor-element-09763db elementor-widget__width-initial elementor-view-default elementor-position-block-start elementor-mobile-position-block-start elementor-widget elementor-widget-icon-box\" data-id=\"09763db\" data-element_type=\"widget\" data-e-type=\"widget\" data-widget_type=\"icon-box.default\">\n\t\t\t\t\t\t\t<div class=\"elementor-icon-box-wrapper\">\n\n\t\t\t\t\t\t<div class=\"elementor-icon-box-icon\">\n\t\t\t\t<span  class=\"elementor-icon\">\n\t\t\t\t<svg aria-hidden=\"true\" class=\"e-font-icon-svg e-fas-camera\" viewbox=\"0 0 512 512\" xmlns=\"http:\/\/www.w3.org\/2000\/svg\"><path d=\"M512 144v288c0 26.5-21.5 48-48 48H48c-26.5 0-48-21.5-48-48V144c0-26.5 21.5-48 48-48h88l12.3-32.9c7-18.7 24.9-31.1 44.9-31.1h125.5c20 0 37.9 12.4 44.9 31.1L376 96h88c26.5 0 48 21.5 48 48zM376 288c0-66.2-53.8-120-120-120s-120 53.8-120 120 53.8 120 120 120 120-53.8 120-120zm-32 0c0 48.5-39.5 88-88 88s-88-39.5-88-88 39.5-88 88-88 88 39.5 88 88z\"><\/path><\/svg>\t\t\t\t<\/span>\n\t\t\t<\/div>\n\t\t\t\n\t\t\t\t\t\t<div class=\"elementor-icon-box-content\">\n\n\t\t\t\t\t\t\t\t\t<h4 class=\"elementor-icon-box-title\">\n\t\t\t\t\t\t<span  >\n\t\t\t\t\t\t\t03 : Inspection Interne\t\t\t\t\t\t<\/span>\n\t\t\t\t\t<\/h4>\n\t\t\t\t\n\t\t\t\t\t\t\t\t\t<p class=\"elementor-icon-box-description\">\n\t\t\t\t\t\tLes marchandises arrivent \u00e0 notre bureau de P\u00e9kin. Nous fournissons des photos\/vid\u00e9os HD pour votre approbation\t\t\t\t\t<\/p>\n\t\t\t\t\n\t\t\t<\/div>\n\t\t\t\n\t\t<\/div>\n\t\t\t\t\t\t<\/div>\n\t\t\t\t<div class=\"elementor-element elementor-element-0426150 elementor-widget__width-initial elementor-view-default elementor-position-block-start elementor-mobile-position-block-start elementor-widget elementor-widget-icon-box\" data-id=\"0426150\" data-element_type=\"widget\" data-e-type=\"widget\" data-widget_type=\"icon-box.default\">\n\t\t\t\t\t\t\t<div class=\"elementor-icon-box-wrapper\">\n\n\t\t\t\t\t\t<div class=\"elementor-icon-box-icon\">\n\t\t\t\t<span  class=\"elementor-icon\">\n\t\t\t\t<svg aria-hidden=\"true\" class=\"e-font-icon-svg e-fas-thumbs-up\" viewbox=\"0 0 512 512\" xmlns=\"http:\/\/www.w3.org\/2000\/svg\"><path d=\"M104 224H24c-13.255 0-24 10.745-24 24v240c0 13.255 10.745 24 24 24h80c13.255 0 24-10.745 24-24V248c0-13.255-10.745-24-24-24zM64 472c-13.255 0-24-10.745-24-24s10.745-24 24-24 24 10.745 24 24-10.745 24-24 24zM384 81.452c0 42.416-25.97 66.208-33.277 94.548h101.723c33.397 0 59.397 27.746 59.553 58.098.084 17.938-7.546 37.249-19.439 49.197l-.11.11c9.836 23.337 8.237 56.037-9.308 79.469 8.681 25.895-.069 57.704-16.382 74.757 4.298 17.598 2.244 32.575-6.148 44.632C440.202 511.587 389.616 512 346.839 512l-2.845-.001c-48.287-.017-87.806-17.598-119.56-31.725-15.957-7.099-36.821-15.887-52.651-16.178-6.54-.12-11.783-5.457-11.783-11.998v-213.77c0-3.2 1.282-6.271 3.558-8.521 39.614-39.144 56.648-80.587 89.117-113.111 14.804-14.832 20.188-37.236 25.393-58.902C282.515 39.293 291.817 0 312 0c24 0 72 8 72 81.452z\"><\/path><\/svg>\t\t\t\t<\/span>\n\t\t\t<\/div>\n\t\t\t\n\t\t\t\t\t\t<div class=\"elementor-icon-box-content\">\n\n\t\t\t\t\t\t\t\t\t<h4 class=\"elementor-icon-box-title\">\n\t\t\t\t\t\t<span  >\n\t\t\t\t\t\t\t04 : Confirmation Finale et Solde\t\t\t\t\t\t<\/span>\n\t\t\t\t\t<\/h4>\n\t\t\t\t\n\t\t\t\t\t\t\t\t\t<p class=\"elementor-icon-box-description\">\n\t\t\t\t\t\tUne fois que la v\u00e9rification visuelle r\u00e9pond \u00e0 vos exigences, le solde restant est pay\u00e9\t\t\t\t\t<\/p>\n\t\t\t\t\n\t\t\t<\/div>\n\t\t\t\n\t\t<\/div>\n\t\t\t\t\t\t<\/div>\n\t\t\t\t<div class=\"elementor-element elementor-element-87a934d elementor-widget__width-initial elementor-view-default elementor-position-block-start elementor-mobile-position-block-start elementor-widget elementor-widget-icon-box\" data-id=\"87a934d\" data-element_type=\"widget\" data-e-type=\"widget\" data-widget_type=\"icon-box.default\">\n\t\t\t\t\t\t\t<div class=\"elementor-icon-box-wrapper\">\n\n\t\t\t\t\t\t<div class=\"elementor-icon-box-icon\">\n\t\t\t\t<span  class=\"elementor-icon\">\n\t\t\t\t<svg aria-hidden=\"true\" class=\"e-font-icon-svg e-fas-shipping-fast\" viewbox=\"0 0 640 512\" xmlns=\"http:\/\/www.w3.org\/2000\/svg\"><path d=\"M624 352h-16V243.9c0-12.7-5.1-24.9-14.1-33.9L494 110.1c-9-9-21.2-14.1-33.9-14.1H416V48c0-26.5-21.5-48-48-48H112C85.5 0 64 21.5 64 48v48H8c-4.4 0-8 3.6-8 8v16c0 4.4 3.6 8 8 8h272c4.4 0 8 3.6 8 8v16c0 4.4-3.6 8-8 8H40c-4.4 0-8 3.6-8 8v16c0 4.4 3.6 8 8 8h208c4.4 0 8 3.6 8 8v16c0 4.4-3.6 8-8 8H8c-4.4 0-8 3.6-8 8v16c0 4.4 3.6 8 8 8h208c4.4 0 8 3.6 8 8v16c0 4.4-3.6 8-8 8H64v128c0 53 43 96 96 96s96-43 96-96h128c0 53 43 96 96 96s96-43 96-96h48c8.8 0 16-7.2 16-16v-32c0-8.8-7.2-16-16-16zM160 464c-26.5 0-48-21.5-48-48s21.5-48 48-48 48 21.5 48 48-21.5 48-48 48zm320 0c-26.5 0-48-21.5-48-48s21.5-48 48-48 48 21.5 48 48-21.5 48-48 48zm80-208H416V144h44.1l99.9 99.9V256z\"><\/path><\/svg>\t\t\t\t<\/span>\n\t\t\t<\/div>\n\t\t\t\n\t\t\t\t\t\t<div class=\"elementor-icon-box-content\">\n\n\t\t\t\t\t\t\t\t\t<h4 class=\"elementor-icon-box-title\">\n\t\t\t\t\t\t<span  >\n\t\t\t\t\t\t\t05 : Livraison Fluide\t\t\t\t\t\t<\/span>\n\t\t\t\t\t<\/h4>\n\t\t\t\t\n\t\t\t\t\t\t\t\t\t<p class=\"elementor-icon-box-description\">\n\t\t\t\t\t\tNous consolidons, \u00e9tiquetons et exp\u00e9dions dans le monde entier avec un suivi complet de bout en bout\t\t\t\t\t<\/p>\n\t\t\t\t\n\t\t\t<\/div>\n\t\t\t\n\t\t<\/div>\n\t\t\t\t\t\t<\/div>\n\t\t\t\t<\/section>\n\t\t\t\t\t<\/div>\n\t\t\t\t<\/div>\n\t\t<div class=\"elementor-element elementor-element-7558463 e-flex e-con-boxed e-con e-parent\" data-id=\"7558463\" data-element_type=\"container\" data-e-type=\"container\">\n\t\t\t\t\t<div class=\"e-con-inner\">\n\t\t\t\t<div class=\"elementor-element elementor-element-6a21d8e elementor-widget elementor-widget-text-editor\" data-id=\"6a21d8e\" data-element_type=\"widget\" data-e-type=\"widget\" data-widget_type=\"text-editor.default\">\n\t\t\t\t\t\t\t\t\t<p>Bien que nos capacit\u00e9s de sourcing soient illimit\u00e9es, voici un exemple concret de la mani\u00e8re dont nous accompagnons nos partenaires :<\/p>\t\t\t\t\t\t\t\t<\/div>\n\t\t\t\t\t<\/div>\n\t\t\t\t<\/div>\n\t\t<div class=\"elementor-element elementor-element-6269d8e e-flex e-con-boxed e-con e-parent\" data-id=\"6269d8e\" data-element_type=\"container\" data-e-type=\"container\">\n\t\t\t\t\t<div class=\"e-con-inner\">\n\t\t\t\t<div class=\"elementor-element elementor-element-7c61e52 elementor-widget elementor-widget-image-gallery\" data-id=\"7c61e52\" data-element_type=\"widget\" data-e-type=\"widget\" data-widget_type=\"image-gallery.default\">\n\t\t\t\t\t\t\t<div class=\"elementor-image-gallery\">\n\t\t\t<div id='gallery-1' class='gallery galleryid-861 gallery-columns-4 gallery-size-full'><figure class='gallery-item'>\n\t\t\t<div class='gallery-icon landscape'>\n\t\t\t\t<a data-elementor-open-lightbox=\"yes\" data-elementor-lightbox-slideshow=\"7c61e52\" data-elementor-lightbox-title=\"202602222309506999\" data-e-action-hash=\"#elementor-action%3Aaction%3Dlightbox%26settings%3DeyJpZCI6OTIxLCJ1cmwiOiJodHRwczpcL1wvd2luZHBlcmNoZXMuY29tXC93cC1jb250ZW50XC91cGxvYWRzXC8yMDI2XC8wM1wvMjAyNjAyMjIyMzA5NTA2OTk5LnBuZyIsInNsaWRlc2hvdyI6IjdjNjFlNTIifQ%3D%3D\" href='https:\/\/windperches.com\/wp-content\/uploads\/2026\/03\/202602222309506999.png'><img decoding=\"async\" width=\"800\" height=\"800\" src=\"https:\/\/windperches.com\/wp-content\/uploads\/2026\/03\/202602222309506999.png\" class=\"attachment-full size-full\" alt=\"\" srcset=\"https:\/\/windperches.com\/wp-content\/uploads\/2026\/03\/202602222309506999.png 800w, https:\/\/windperches.com\/wp-content\/uploads\/2026\/03\/202602222309506999-300x300.png 300w, https:\/\/windperches.com\/wp-content\/uploads\/2026\/03\/202602222309506999-100x100.png 100w, https:\/\/windperches.com\/wp-content\/uploads\/2026\/03\/202602222309506999-600x600.png 600w, https:\/\/windperches.com\/wp-content\/uploads\/2026\/03\/202602222309506999-150x150.png 150w, https:\/\/windperches.com\/wp-content\/uploads\/2026\/03\/202602222309506999-768x768.png 768w, https:\/\/windperches.com\/wp-content\/uploads\/2026\/03\/202602222309506999-12x12.png 12w\" sizes=\"(max-width: 800px) 100vw, 800px\" data-no-translation=\"\" \/><\/a>\n\t\t\t<\/div><\/figure><figure class='gallery-item'>\n\t\t\t<div class='gallery-icon landscape'>\n\t\t\t\t<a data-elementor-open-lightbox=\"yes\" data-elementor-lightbox-slideshow=\"7c61e52\" data-elementor-lightbox-title=\"202602211930174166\" data-e-action-hash=\"#elementor-action%3Aaction%3Dlightbox%26settings%3DeyJpZCI6OTIzLCJ1cmwiOiJodHRwczpcL1wvd2luZHBlcmNoZXMuY29tXC93cC1jb250ZW50XC91cGxvYWRzXC8yMDI2XC8wM1wvMjAyNjAyMjExOTMwMTc0MTY2LnBuZyIsInNsaWRlc2hvdyI6IjdjNjFlNTIifQ%3D%3D\" href='https:\/\/windperches.com\/wp-content\/uploads\/2026\/03\/202602211930174166.png'><img decoding=\"async\" width=\"900\" height=\"900\" src=\"https:\/\/windperches.com\/wp-content\/uploads\/2026\/03\/202602211930174166.png\" class=\"attachment-full size-full\" alt=\"\" srcset=\"https:\/\/windperches.com\/wp-content\/uploads\/2026\/03\/202602211930174166.png 900w, https:\/\/windperches.com\/wp-content\/uploads\/2026\/03\/202602211930174166-300x300.png 300w, https:\/\/windperches.com\/wp-content\/uploads\/2026\/03\/202602211930174166-100x100.png 100w, https:\/\/windperches.com\/wp-content\/uploads\/2026\/03\/202602211930174166-600x600.png 600w, https:\/\/windperches.com\/wp-content\/uploads\/2026\/03\/202602211930174166-150x150.png 150w, https:\/\/windperches.com\/wp-content\/uploads\/2026\/03\/202602211930174166-768x768.png 768w, https:\/\/windperches.com\/wp-content\/uploads\/2026\/03\/202602211930174166-12x12.png 12w\" sizes=\"(max-width: 900px) 100vw, 900px\" data-no-translation=\"\" \/><\/a>\n\t\t\t<\/div><\/figure><figure class='gallery-item'>\n\t\t\t<div class='gallery-icon landscape'>\n\t\t\t\t<a data-elementor-open-lightbox=\"yes\" data-elementor-lightbox-slideshow=\"7c61e52\" data-elementor-lightbox-title=\"202511111141342195\" data-e-action-hash=\"#elementor-action%3Aaction%3Dlightbox%26settings%3DeyJpZCI6OTIyLCJ1cmwiOiJodHRwczpcL1wvd2luZHBlcmNoZXMuY29tXC93cC1jb250ZW50XC91cGxvYWRzXC8yMDI2XC8wM1wvMjAyNTExMTExMTQxMzQyMTk1LmpwZyIsInNsaWRlc2hvdyI6IjdjNjFlNTIifQ%3D%3D\" href='https:\/\/windperches.com\/wp-content\/uploads\/2026\/03\/202511111141342195.jpg'><img loading=\"lazy\" decoding=\"async\" width=\"900\" height=\"900\" src=\"https:\/\/windperches.com\/wp-content\/uploads\/2026\/03\/202511111141342195.jpg\" class=\"attachment-full size-full\" alt=\"\" srcset=\"https:\/\/windperches.com\/wp-content\/uploads\/2026\/03\/202511111141342195.jpg 900w, https:\/\/windperches.com\/wp-content\/uploads\/2026\/03\/202511111141342195-300x300.jpg 300w, https:\/\/windperches.com\/wp-content\/uploads\/2026\/03\/202511111141342195-100x100.jpg 100w, https:\/\/windperches.com\/wp-content\/uploads\/2026\/03\/202511111141342195-600x600.jpg 600w, https:\/\/windperches.com\/wp-content\/uploads\/2026\/03\/202511111141342195-150x150.jpg 150w, https:\/\/windperches.com\/wp-content\/uploads\/2026\/03\/202511111141342195-768x768.jpg 768w, https:\/\/windperches.com\/wp-content\/uploads\/2026\/03\/202511111141342195-12x12.jpg 12w\" sizes=\"(max-width: 900px) 100vw, 900px\" data-no-translation=\"\" \/><\/a>\n\t\t\t<\/div><\/figure><figure class='gallery-item'>\n\t\t\t<div class='gallery-icon landscape'>\n\t\t\t\t<a data-elementor-open-lightbox=\"yes\" data-elementor-lightbox-slideshow=\"7c61e52\" data-elementor-lightbox-title=\"202602222348054731\" data-e-action-hash=\"#elementor-action%3Aaction%3Dlightbox%26settings%3DeyJpZCI6OTI1LCJ1cmwiOiJodHRwczpcL1wvd2luZHBlcmNoZXMuY29tXC93cC1jb250ZW50XC91cGxvYWRzXC8yMDI2XC8wM1wvMjAyNjAyMjIyMzQ4MDU0NzMxLnBuZyIsInNsaWRlc2hvdyI6IjdjNjFlNTIifQ%3D%3D\" href='https:\/\/windperches.com\/wp-content\/uploads\/2026\/03\/202602222348054731.png'><img loading=\"lazy\" decoding=\"async\" width=\"800\" height=\"800\" src=\"https:\/\/windperches.com\/wp-content\/uploads\/2026\/03\/202602222348054731.png\" class=\"attachment-full size-full\" alt=\"\" srcset=\"https:\/\/windperches.com\/wp-content\/uploads\/2026\/03\/202602222348054731.png 800w, https:\/\/windperches.com\/wp-content\/uploads\/2026\/03\/202602222348054731-300x300.png 300w, https:\/\/windperches.com\/wp-content\/uploads\/2026\/03\/202602222348054731-100x100.png 100w, https:\/\/windperches.com\/wp-content\/uploads\/2026\/03\/202602222348054731-600x600.png 600w, https:\/\/windperches.com\/wp-content\/uploads\/2026\/03\/202602222348054731-150x150.png 150w, https:\/\/windperches.com\/wp-content\/uploads\/2026\/03\/202602222348054731-768x768.png 768w, https:\/\/windperches.com\/wp-content\/uploads\/2026\/03\/202602222348054731-12x12.png 12w\" sizes=\"(max-width: 800px) 100vw, 800px\" data-no-translation=\"\" \/><\/a>\n\t\t\t<\/div><\/figure>\n\t\t<\/div>\n\t\t<\/div>\n\t\t\t\t\t\t<\/div>\n\t\t\t\t\t<\/div>\n\t\t\t\t<\/div>\n\t\t<div class=\"elementor-element elementor-element-7ff94e8 e-flex e-con-boxed e-con e-parent\" data-id=\"7ff94e8\" data-element_type=\"container\" data-e-type=\"container\">\n\t\t\t\t\t<div class=\"e-con-inner\">\n\t\t\t\t<div class=\"elementor-element elementor-element-d93d4a5 elementor-widget elementor-widget-text-editor\" data-id=\"d93d4a5\" data-element_type=\"widget\" data-e-type=\"widget\" data-widget_type=\"text-editor.default\">\n\t\t\t\t\t\t\t\t\t<p>Au-del\u00e0 de l'encens, nos racines dans la cha\u00eene d'approvisionnement reposent sur des amiti\u00e9s de longue date. Mon ami proche \u00e0 Guangzhou est profond\u00e9ment ancr\u00e9 dans l'industrie de l'\u00e9clairage depuis plus d'une d\u00e9cennie. Nous partageons le m\u00eame engagement envers la qualit\u00e9 et l'int\u00e9grit\u00e9, faisant d'eux un pilier de confiance dans notre r\u00e9seau de sourcing mondial.<\/p><p>\u00a0<\/p><p><a href=\"http:\/\/www.yushunlighting.com\" target=\"_blank\" rel=\"noopener\">Visitez le site de mon ami : www.yushunlighting.com<\/a><\/p>\t\t\t\t\t\t\t\t<\/div>\n\t\t\t\t\t<\/div>\n\t\t\t\t<\/div>\n\t\t\t\t<\/div>","protected":false},"excerpt":{"rendered":"<p>Sourcing in China Personal Shopper &amp; Global Proxy Service Sourcing in China: Your Professional Eyes on the Ground&nbsp; China\u2019s industrial chain offers unparalleled variety, but navigating it from afar presents risks. We act as your local partner, bridging the gap between premium sources and your global vision. Why Choose Our Proxy Service? The &#8220;Beijing Hub&#8221; [&hellip;]<\/p>\n","protected":false},"author":1,"featured_media":0,"parent":0,"menu_order":0,"comment_status":"closed","ping_status":"closed","template":"elementor_header_footer","meta":{"_monsterinsights_skip_tracking":false,"_monsterinsights_sitenote_active":false,"_monsterinsights_sitenote_note":"","_monsterinsights_sitenote_category":0,"footnotes":""},"class_list":["post-861","page","type-page","status-publish","hentry"],"_hostinger_reach_plugin_has_subscription_block":false,"_hostinger_reach_plugin_is_elementor":false,"rttpg_featured_image_url":null,"rttpg_author":{"display_name":"kawagaogao","author_link":"https:\/\/windperches.com\/fr\/author\/kawagaogao\/"},"rttpg_comment":0,"rttpg_category":null,"rttpg_excerpt":"Sourcing in China Personal Shopper &amp; Global Proxy Service Sourcing in China: Your Professional Eyes on the Ground&nbsp; China\u2019s industrial chain offers unparalleled variety, but navigating it from afar presents risks. We act as your local partner, bridging the gap between premium sources and your global vision. Why Choose Our Proxy Service? The &#8220;Beijing Hub&#8221;\u2026","_links":{"self":[{"href":"https:\/\/windperches.com\/fr\/wp-json\/wp\/v2\/pages\/861","targetHints":{"allow":["GET"]}}],"collection":[{"href":"https:\/\/windperches.com\/fr\/wp-json\/wp\/v2\/pages"}],"about":[{"href":"https:\/\/windperches.com\/fr\/wp-json\/wp\/v2\/types\/page"}],"author":[{"embeddable":true,"href":"https:\/\/windperches.com\/fr\/wp-json\/wp\/v2\/users\/1"}],"replies":[{"embeddable":true,"href":"https:\/\/windperches.com\/fr\/wp-json\/wp\/v2\/comments?post=861"}],"version-history":[{"count":40,"href":"https:\/\/windperches.com\/fr\/wp-json\/wp\/v2\/pages\/861\/revisions"}],"predecessor-version":[{"id":1309,"href":"https:\/\/windperches.com\/fr\/wp-json\/wp\/v2\/pages\/861\/revisions\/1309"}],"wp:attachment":[{"href":"https:\/\/windperches.com\/fr\/wp-json\/wp\/v2\/media?parent=861"}],"curies":[{"name":"wp","href":"https:\/\/api.w.org\/{rel}","templated":true}]}}