{"id":215,"date":"2026-03-03T14:44:31","date_gmt":"2026-03-03T06:44:31","guid":{"rendered":"https:\/\/windperches.com\/?page_id=215"},"modified":"2026-03-04T11:26:38","modified_gmt":"2026-03-04T03:26:38","slug":"resonance-space","status":"publish","type":"page","link":"https:\/\/windperches.com\/fr\/resonance-space\/","title":{"rendered":"Espace de R\u00e9sonance"},"content":{"rendered":"<div data-elementor-type=\"wp-page\" data-elementor-id=\"215\" class=\"elementor elementor-215\">\n\t\t\t\t<div class=\"elementor-element elementor-element-e8fd0be e-flex e-con-boxed e-con e-parent\" data-id=\"e8fd0be\" data-element_type=\"container\" data-e-type=\"container\">\n\t\t\t\t\t<div class=\"e-con-inner\">\n\t\t\t\t<div class=\"elementor-element elementor-element-3e426b5 elementor-widget__width-inherit resonance-disclaimer elementor-widget elementor-widget-text-editor\" data-id=\"3e426b5\" data-element_type=\"widget\" data-e-type=\"widget\" data-widget_type=\"text-editor.default\">\n\t\t\t\t\t\t\t\t\t<p><b data-path-to-node=\"10,0\" data-index-in-node=\"0\">Avertissement :<\/b><\/p>\n<p>Je ne suis pas psychologue. Cet espace est cr\u00e9\u00e9 uniquement pour la r\u00e9sonance \u00e9nerg\u00e9tique et le partage \u00e9motionnel.<\/p>\n<p>Il ne constitue pas un conseil professionnel en sant\u00e9 mentale.<\/p>\t\t\t\t\t\t\t\t<\/div>\n\t\t\t\t\t<\/div>\n\t\t\t\t<\/div>\n\t\t<div class=\"elementor-element elementor-element-be400e5 e-flex e-con-boxed e-con e-parent\" data-id=\"be400e5\" data-element_type=\"container\" data-e-type=\"container\">\n\t\t\t\t\t<div class=\"e-con-inner\">\n\t\t\t\t<div class=\"elementor-element elementor-element-7a9c03c elementor-post meta-visibility-show section-title-style-style1 title_position_default title_hover_border_default title-default img_hover_animation_default meta_position_default tpg-is-author-icon-show author-image-visibility-icon tpg-category-position-default readmore-btn-default-style grid-hover-overlay-type-always tpg-el-box-border-enable tpg-border-bottom-disable elementor-widget elementor-widget-tpg-grid-layout\" data-id=\"7a9c03c\" data-element_type=\"widget\" data-e-type=\"widget\" data-widget_type=\"tpg-grid-layout.default\">\n\t\t\t\t<div class=\"elementor-widget-container\">\n\t\t\t\t\t\t\t<div class=\"rt-container-fluid rt-tpg-container tpg-el-main-wrapper clearfix grid-layout1-main\"\n\t\t\t id=\"rt-tpg-container-1218943721\"\n\t\t\t data-layout=\"grid-layout1\"\n\t\t\t data-grid-style=\"tpg-full-height\"\n\t\t\t data-sc-id=\"elementor\"\n\t\t\t data-el-settings=''\n\t\t\t data-el-query=''\n\t\t\t data-el-path=''\n\t\t>\n\t\t\t\t\t\t\t<div id=\"bottom-script-loader\" class=\"bottom-script-loader\">\n\t\t\t\t\t<div class=\"rt-ball-clip-rotate\">\n\t\t\t\t\t\t<div><\/div>\n\t\t\t\t\t<\/div>\n\t\t\t\t<\/div>\n\t\t\t\t\t\t\t<div class='tpg-header-wrapper'>\n\t\t\t\t\n        <div class=\"tpg-widget-heading-wrapper rt-clear heading-style1\">\n            <span class=\"tpg-widget-heading-line line-left\"><\/span>\n\t\t\t<h2 class='tpg-widget-heading'>\n\t\t\t\n\t\t\t\t                    <span>\n\t\t\t\t\t\tSection Title\t\t\t\t\t<\/span>\n\t\t\t\t\t\n\t\t\t\t\t\t\t<\/h2>            <span class=\"tpg-widget-heading-line line-right\"><\/span>\n\n\t\t\t\n        <\/div>\n\n\t\t\n\t\t\t\t\t<\/div>\n\n\t\t\t<div data-title=\"Loading ...\" class=\"rt-row rt-content-loader grid-layout1 grid-behaviour tpg-full-height grid_layout_wrapper\">\n\t\t\t\t<div class=\"rt-col-md-4 rt-col-sm-6 rt-col-xs-12 default rt-grid-item post-250 post type-post status-publish format-standard has-post-thumbnail hentry category-resonance-space\"        data-id=\"250\">\n    <div class=\"rt-holder tpg-post-holder\">\n        <div class=\"rt-detail rt-el-content-wrapper\">\n\t\t\t                <div class=\"rt-img-holder tpg-el-image-wrap has-thumbnail\">\n\t\t\t\t\t<a data-id=\"250\" href=\"https:\/\/windperches.com\/fr\/a-glimpse-of-peace-reflections-on-sun-glare\/\" class=\"tpg-post-link\" target=\"_self\">                        <img fetchpriority=\"high\" decoding=\"async\" src=\"https:\/\/windperches.com\/wp-content\/uploads\/2026\/03\/IMG_48191-768x512.jpg\"\n                             class=\"rt-img-responsive\"\n                             width=\"768\"\n                             height=\"512\"\n                             alt=\"A Glimpse of Peace: Reflections on Sun-Glare\" data-no-translation=\"\">\n\t\t\t\t\t\t\n\t\t\t\t\t\t\t\n\t\t<\/a>\n\t\t        <div class=\"overlay grid-hover-content\"><\/div>\n\t\t                <\/div>\n\t\t\t\n\t\t\t<div class=\"entry-title-wrapper\"><h3 class=\"entry-title\"><a data-id=\"250\" href=\"https:\/\/windperches.com\/fr\/a-glimpse-of-peace-reflections-on-sun-glare\/\" class=\"tpg-post-link\" target=\"_self\">A Glimpse of Peace: Reflections on Sun-Glare<\/a><\/h3><\/div>\n\t\t\t                <div class=\"post-meta-tags rt-el-post-meta\">\n\t\t\t\t\t            <span class='author'>\n\n\t\t\t\t<i class='flaticon-user'><\/i><span class='author-prefix'>By<\/span><a href=\"https:\/\/windperches.com\/fr\/author\/kawagaogao\/\">kawagaogao<\/a>\t\t\t<\/span>\n\t\t\t            <span class='date'>\n\t\t\t\t<i class='flaticon-calendar'><\/i>\t\t\t\t                    <a href=\"https:\/\/windperches.com\/fr\/2026\/03\/03\/\">\n\t\t\t\t\tmars 3, 2026\t\t\t\t<\/a>\n\t\t\t\t\t\t\t<\/span>\n\t\t\t            <span class='categories-links'>\n\t\t\t\t<i class='flaticon-folder'><\/i><a class=\"resonance-space\" href=\"https:\/\/windperches.com\/fr\/category\/resonance-space\/\">Espace de R\u00e9sonance<\/a>\t\t\t<\/span>\n\t\t\t                <\/div>\n\t\t\t\n\n\t\t\t                <div class=\"tpg-excerpt tpg-el-excerpt\">\n\t\t\t\t\t                        <div class=\"tpg-excerpt-inner\">\n\t\t\t\t\t\t\tIn the scent of Sun-Glare, I felt the heavy fog in my mind dissipate...                        <\/div>\n\t\t\t\t\t\t\t\t\t\t                <\/div>\n\t\t\t\n\t\t\t        <div class=\"post-footer\">\n            <div class=\"post-footer\">\n                <div class=\"read-more\">\n\t\t\t\t\t<a data-id=\"250\" href=\"https:\/\/windperches.com\/fr\/a-glimpse-of-peace-reflections-on-sun-glare\/\" class=\"tpg-post-link\" target=\"_self\">Read More<\/a>                <\/div>\n            <\/div>\n        <\/div>\n\t\t        <\/div>\n    <\/div>\n<\/div>\n\t\t\t<\/div>\n\t\t\t\n\t\t<\/div>\n\t\t\t\t\t\t<\/div>\n\t\t\t\t<\/div>\n\t\t\t\t\t<\/div>\n\t\t\t\t<\/div>\n\t\t\t\t<\/div>","protected":false},"excerpt":{"rendered":"<p>Disclaimer: I am not a psychologist. This space is created for energetic resonance and emotional sharing only. It does not constitute professional mental health advice. Section Title A Glimpse of Peace: Reflections on Sun-Glare Bykawagaogao 3 3 \u6708, 2026 Resonance Space In the scent of Sun-Glare, I felt the heavy fog in my mind dissipate&#8230; [&hellip;]<\/p>\n","protected":false},"author":1,"featured_media":0,"parent":0,"menu_order":0,"comment_status":"closed","ping_status":"closed","template":"","meta":{"_monsterinsights_skip_tracking":false,"_monsterinsights_sitenote_active":false,"_monsterinsights_sitenote_note":"","_monsterinsights_sitenote_category":0,"footnotes":""},"class_list":["post-215","page","type-page","status-publish","hentry"],"_hostinger_reach_plugin_has_subscription_block":false,"_hostinger_reach_plugin_is_elementor":false,"rttpg_featured_image_url":null,"rttpg_author":{"display_name":"kawagaogao","author_link":"https:\/\/windperches.com\/fr\/author\/kawagaogao\/"},"rttpg_comment":0,"rttpg_category":"","rttpg_excerpt":"Disclaimer: I am not a psychologist. This space is created for energetic resonance and emotional sharing only. It does not constitute professional mental health advice. Section Title A Glimpse of Peace: Reflections on Sun-Glare Bykawagaogao 3 3 \u6708, 2026 Resonance Space In the scent of Sun-Glare, I felt the heavy fog in my mind dissipate&#8230;\u2026","_links":{"self":[{"href":"https:\/\/windperches.com\/fr\/wp-json\/wp\/v2\/pages\/215","targetHints":{"allow":["GET"]}}],"collection":[{"href":"https:\/\/windperches.com\/fr\/wp-json\/wp\/v2\/pages"}],"about":[{"href":"https:\/\/windperches.com\/fr\/wp-json\/wp\/v2\/types\/page"}],"author":[{"embeddable":true,"href":"https:\/\/windperches.com\/fr\/wp-json\/wp\/v2\/users\/1"}],"replies":[{"embeddable":true,"href":"https:\/\/windperches.com\/fr\/wp-json\/wp\/v2\/comments?post=215"}],"version-history":[{"count":40,"href":"https:\/\/windperches.com\/fr\/wp-json\/wp\/v2\/pages\/215\/revisions"}],"predecessor-version":[{"id":340,"href":"https:\/\/windperches.com\/fr\/wp-json\/wp\/v2\/pages\/215\/revisions\/340"}],"wp:attachment":[{"href":"https:\/\/windperches.com\/fr\/wp-json\/wp\/v2\/media?parent=215"}],"curies":[{"name":"wp","href":"https:\/\/api.w.org\/{rel}","templated":true}]}}