{"id":201,"date":"2026-03-03T14:01:36","date_gmt":"2026-03-03T06:01:36","guid":{"rendered":"https:\/\/windperches.com\/?page_id=201"},"modified":"2026-03-03T14:50:31","modified_gmt":"2026-03-03T06:50:31","slug":"echoes","status":"publish","type":"page","link":"https:\/\/windperches.com\/fr\/echoes\/","title":{"rendered":"\u00c9chos"},"content":{"rendered":"<div data-elementor-type=\"wp-page\" data-elementor-id=\"201\" class=\"elementor elementor-201\">\n\t\t\t\t<div class=\"elementor-element elementor-element-950ede0 e-flex e-con-boxed e-con e-parent\" data-id=\"950ede0\" data-element_type=\"container\" data-e-type=\"container\">\n\t\t\t\t\t<div class=\"e-con-inner\">\n\t\t\t\t<div class=\"elementor-element elementor-element-447e340 elementor-widget elementor-widget-text-editor\" data-id=\"447e340\" data-element_type=\"widget\" data-e-type=\"widget\" data-widget_type=\"text-editor.default\">\n\t\t\t\t\t\t\t\t\t<p>Un sanctuaire o\u00f9 le vent de l'Himalaya rencontre le calme du Tao.<\/p><p>Cet espace est d\u00e9di\u00e9 au pouvoir de la purification et \u00e0 la r\u00e9sonance des c\u0153urs. Nous recueillons des fragments d'\u00e2mes, pr\u00e9serv\u00e9s dans le silence.<\/p><p><strong>Avertissement :<\/strong><\/p><p>Je ne suis pas un psychologue professionnel. Cet espace est un sanctuaire spirituel pour la r\u00e9sonance et la lib\u00e9ration \u00e9motionnelle, et non un substitut \u00e0 un traitement professionnel de sant\u00e9 mentale.<\/p>\t\t\t\t\t\t\t\t<\/div>\n\t\t\t\t\t<\/div>\n\t\t\t\t<\/div>\n\t\t<div class=\"elementor-element elementor-element-b5bd1a6 e-flex e-con-boxed e-con e-parent\" data-id=\"b5bd1a6\" data-element_type=\"container\" data-e-type=\"container\">\n\t\t\t\t\t<div class=\"e-con-inner\">\n\t\t<div class=\"elementor-element elementor-element-43b9a00 e-con-full e-flex e-con e-child\" data-id=\"43b9a00\" data-element_type=\"container\" data-e-type=\"container\" data-settings=\"{&quot;background_background&quot;:&quot;classic&quot;}\">\n\t\t\t\t<div class=\"elementor-element elementor-element-52cf12b elementor-widget elementor-widget-heading\" data-id=\"52cf12b\" data-element_type=\"widget\" data-e-type=\"widget\" data-widget_type=\"heading.default\">\n\t\t\t\t\t<h2 class=\"elementor-heading-title elementor-size-default\"><a href=\"https:\/\/windperches.com\/fr\/digital-altar\/\">Autel Num\u00e9rique<\/a><\/h2>\t\t\t\t<\/div>\n\t\t\t\t<div class=\"elementor-element elementor-element-a2135e9 elementor-widget elementor-widget-text-editor\" data-id=\"a2135e9\" data-element_type=\"widget\" data-e-type=\"widget\" data-widget_type=\"text-editor.default\">\n\t\t\t\t\t\t\t\t\t<p>\u00c9crivez vos fardeaux et laissez-les dispara\u00eetre \u00e0 jamais<\/p>\t\t\t\t\t\t\t\t<\/div>\n\t\t\t\t<\/div>\n\t\t<div class=\"elementor-element elementor-element-f40c045 e-con-full e-flex e-con e-child\" data-id=\"f40c045\" data-element_type=\"container\" data-e-type=\"container\">\n\t\t\t\t<div class=\"elementor-element elementor-element-210d0fe elementor-widget elementor-widget-heading\" data-id=\"210d0fe\" data-element_type=\"widget\" data-e-type=\"widget\" data-widget_type=\"heading.default\">\n\t\t\t\t\t<h2 class=\"elementor-heading-title elementor-size-default\"><a href=\"https:\/\/windperches.com\/fr\/echo-wall\/\">Mur d'\u00c9cho<\/a><\/h2>\t\t\t\t<\/div>\n\t\t\t\t<div class=\"elementor-element elementor-element-503f4c3 elementor-widget elementor-widget-text-editor\" data-id=\"503f4c3\" data-element_type=\"widget\" data-e-type=\"widget\" data-widget_type=\"text-editor.default\">\n\t\t\t\t\t\t\t\t\t<p>Un espace priv\u00e9 en t\u00eate-\u00e0-t\u00eate pour partager votre histoire ou demander de l'aide<\/p>\t\t\t\t\t\t\t\t<\/div>\n\t\t\t\t<\/div>\n\t\t<div class=\"elementor-element elementor-element-4853ed2 e-con-full e-flex e-con e-child\" data-id=\"4853ed2\" data-element_type=\"container\" data-e-type=\"container\">\n\t\t\t\t<div class=\"elementor-element elementor-element-13d1c0c elementor-widget elementor-widget-heading\" data-id=\"13d1c0c\" data-element_type=\"widget\" data-e-type=\"widget\" data-widget_type=\"heading.default\">\n\t\t\t\t\t<h2 class=\"elementor-heading-title elementor-size-default\"><a href=\"https:\/\/windperches.com\/fr\/resonance-space\/\">Espace de R\u00e9sonance<\/a><\/h2>\t\t\t\t<\/div>\n\t\t\t\t<div class=\"elementor-element elementor-element-e3fa990 elementor-widget elementor-widget-text-editor\" data-id=\"e3fa990\" data-element_type=\"widget\" data-e-type=\"widget\" data-widget_type=\"text-editor.default\">\n\t\t\t\t\t\t\t\t\t<p>Un espace s\u00e9lectionn\u00e9 pour les exp\u00e9riences partag\u00e9es et la r\u00e9flexion calme<\/p>\t\t\t\t\t\t\t\t<\/div>\n\t\t\t\t<\/div>\n\t\t\t\t\t<\/div>\n\t\t\t\t<\/div>\n\t\t\t\t<\/div>","protected":false},"excerpt":{"rendered":"<p>A sanctuary where the wind of the Himalayas meets the stillness of the Tao. This space is dedicated to the power of purification and the resonance of hearts. We collect fragments of souls, preserved in silence. Disclaimer\uff1a I am not a professional psychologist. This space is a spiritual sanctuary for resonance and emotional release, not [&hellip;]<\/p>\n","protected":false},"author":1,"featured_media":0,"parent":0,"menu_order":0,"comment_status":"closed","ping_status":"closed","template":"","meta":{"_monsterinsights_skip_tracking":false,"_monsterinsights_sitenote_active":false,"_monsterinsights_sitenote_note":"","_monsterinsights_sitenote_category":0,"footnotes":""},"class_list":["post-201","page","type-page","status-publish","hentry"],"_hostinger_reach_plugin_has_subscription_block":false,"_hostinger_reach_plugin_is_elementor":false,"rttpg_featured_image_url":null,"rttpg_author":{"display_name":"kawagaogao","author_link":"https:\/\/windperches.com\/fr\/author\/kawagaogao\/"},"rttpg_comment":0,"rttpg_category":null,"rttpg_excerpt":"A sanctuary where the wind of the Himalayas meets the stillness of the Tao. This space is dedicated to the power of purification and the resonance of hearts. We collect fragments of souls, preserved in silence. Disclaimer\uff1a I am not a professional psychologist. This space is a spiritual sanctuary for resonance and emotional release, not\u2026","_links":{"self":[{"href":"https:\/\/windperches.com\/fr\/wp-json\/wp\/v2\/pages\/201","targetHints":{"allow":["GET"]}}],"collection":[{"href":"https:\/\/windperches.com\/fr\/wp-json\/wp\/v2\/pages"}],"about":[{"href":"https:\/\/windperches.com\/fr\/wp-json\/wp\/v2\/types\/page"}],"author":[{"embeddable":true,"href":"https:\/\/windperches.com\/fr\/wp-json\/wp\/v2\/users\/1"}],"replies":[{"embeddable":true,"href":"https:\/\/windperches.com\/fr\/wp-json\/wp\/v2\/comments?post=201"}],"version-history":[{"count":16,"href":"https:\/\/windperches.com\/fr\/wp-json\/wp\/v2\/pages\/201\/revisions"}],"predecessor-version":[{"id":226,"href":"https:\/\/windperches.com\/fr\/wp-json\/wp\/v2\/pages\/201\/revisions\/226"}],"wp:attachment":[{"href":"https:\/\/windperches.com\/fr\/wp-json\/wp\/v2\/media?parent=201"}],"curies":[{"name":"wp","href":"https:\/\/api.w.org\/{rel}","templated":true}]}}